{"id":15738,"date":"2023-07-25T08:26:43","date_gmt":"2023-07-25T06:26:43","guid":{"rendered":"https:\/\/turkinitiativ.de\/imza-kampanyasi\/"},"modified":"2023-08-26T03:55:12","modified_gmt":"2023-08-26T01:55:12","slug":"unterschriftenaktion","status":"publish","type":"page","link":"https:\/\/turkinitiativ.de\/de\/unterschriftenaktion\/","title":{"rendered":"Unterschriftenaktion"},"content":{"rendered":"<div class=\"wpb-content-wrapper\"><p>[vc_row][vc_column width=&#8220;2\/3&#8243; css=&#8220;.vc_custom_1690266965922{margin-right: 50px !important;}&#8220;][vc_column_text]<\/p>\n<h3 style=\"text-align: left;\">Wir sind gegen die Aufstellung eines Mahnmals \u201eV\u00f6lkermord erinnern\u201c in K\u00f6ln<\/h3>\n<p>[\/vc_column_text][\/vc_column][\/vc_row][vc_row][vc_column width=&#8220;2\/3&#8243; css=&#8220;.vc_custom_1690266965922{margin-right: 50px !important;}&#8220;][vc_column_text]<\/p>\n<h4 style=\"text-align: left;\">Wir, die Initiative T\u00fcrkischer Vereine und Verb\u00e4nde in K\u00f6ln und Umgebung, lehnen die Aufstellung eines Mahnmals durch die \u201eInitiative V\u00f6lkermord erinnern\u201c in der K\u00f6lner Innenstadt ab, das sich gegen die Verst\u00e4ndigungskultur richtet und die gesellschaftliche Solidarit\u00e4t ausschlie\u00dft und rufen zur Unterst\u00fctzung der durch die Initiative T\u00fcrkischer Vereine und Verb\u00e4nde in K\u00f6ln und Umgebung ins Leben gerufene Aktion mit Ihrer Unterschrift auf.<\/h4>\n<p>[\/vc_column_text][vc_separator][vc_column_text]Liebe Mitb\u00fcrgerinnen und Mitb\u00fcrger,<br \/>\nLiebe Landsleute,<\/p>\n<p>die \u201cInitiative V\u00f6lkermord erinnern\u201c versucht seit geraumer Zeit, ein sogenanntes Mahnmal in K\u00f6ln aufzustellen. Zuletzt wurde ein Eilantrag, das Mahnmal nicht nur tempor\u00e4r, sondern auch langfristig aufgestellt zu lassen, durch das Verwaltungsgericht K\u00f6ln am 23.06.2023 abgelehnt.<\/p>\n<p>Trotz rechtskr\u00e4ftiger Gerichtsbeschl\u00fcsse ist die besagte Gruppe bestrebt, durch st\u00e4ndige Agitationen und Unterstellungen massiven Druck auf Stadt und Verwaltung auszu\u00fcben. Dabei scheut sie sich nicht, Beschl\u00fcsse zu missachten und sie gezielt zu umgehen, geschweige denn ist sie nicht bem\u00fcht, den Dialog mit der t\u00fcrkischen Gemeinde zu suchen; also mit den Menschen, deren Geschichte sie beschuldigt.<\/p>\n<p>Die Inisiyatif T\u00fcrk K\u00f6ln, als Vertreterin zahlreicher t\u00fcrkischer Vereine, missbilligt diese r\u00fccksichtslose Haltung und pl\u00e4diert f\u00fcr eine respektvollere und inklusive Umgangsart. Die Auss\u00f6hnung geschichtlicher Ereignisse erfordert einen gesellschaftlichen Austausch aller Akteure und Parteien, der in einen umfassenden, strukturierten Dialogprozess eingebettet sein sollte. Insbesondere Toleranz gegen\u00fcber unterschiedlichen Meinungen ist eine Voraussetzung f\u00fcr einen solchen Prozess.<\/p>\n<p><strong>F\u00fcr einen starken gesellschaftlichen Zusammenhalt, der nicht zuletzt auf Dialog und Konsens beruht, sprechen wir uns gegen die Aufstellung eines Mahnmals \u201eV\u00f6lkermord erinnern\u201c aus und bitten Sie, uns mit Ihrer Unterschrift zu unterst\u00fctzen.<\/strong><\/p>\n<p>Initiative T\u00fcrkischer Vereine und Verb\u00e4nde in K\u00f6ln und Umgebung[\/vc_column_text][\/vc_column][\/vc_row][vc_row][vc_column width=&#8220;2\/4&#8243; css=&#8220;.vc_custom_1690266965922{margin-right: 50px !important;}&#8220;]<noscript class=\"ninja-forms-noscript-message\">\n\tHinweis: F\u00fcr diesen Inhalt ist JavaScript erforderlich.<\/noscript>\n<div id=\"nf-form-8-cont\" class=\"nf-form-cont\" aria-live=\"polite\" aria-labelledby=\"nf-form-title-8\" aria-describedby=\"nf-form-errors-8\" role=\"form\">\n\n    <div class=\"nf-loading-spinner\"><\/div>\n\n<\/div>\n        <!-- That data is being printed as a workaround to page builders reordering the order of the scripts loaded-->\n        <script>var formDisplay=1;var nfForms=nfForms||[];var form=[];form.id='8';form.settings={\"objectType\":\"Form Setting\",\"editActive\":true,\"title\":\"Unterschriftenaktion\",\"created_at\":\"2016-08-24 16:39:20\",\"form_title\":\"Contact Me\",\"default_label_pos\":\"above\",\"show_title\":0,\"clear_complete\":\"1\",\"hide_complete\":\"1\",\"logged_in\":\"0\",\"key\":\"\",\"conditions\":[],\"wrapper_class\":\"\",\"element_class\":\"\",\"add_submit\":\"1\",\"not_logged_in_msg\":\"\",\"sub_limit_number\":\"\",\"sub_limit_msg\":\"\",\"calculations\":[],\"formContentData\":[\"isim\",\"soyisim\",\"telefon\",\"e-mail\",\"checkbox_1693009403454\",\"goender_1690266131699\"],\"container_styles_background-color\":\"\",\"container_styles_border\":\"\",\"container_styles_border-style\":\"\",\"container_styles_border-color\":\"\",\"container_styles_color\":\"\",\"container_styles_height\":\"\",\"container_styles_width\":\"\",\"container_styles_font-size\":\"\",\"container_styles_margin\":\"\",\"container_styles_padding\":\"\",\"container_styles_display\":\"\",\"container_styles_float\":\"\",\"container_styles_show_advanced_css\":\"0\",\"container_styles_advanced\":\"\",\"title_styles_background-color\":\"\",\"title_styles_border\":\"\",\"title_styles_border-style\":\"\",\"title_styles_border-color\":\"\",\"title_styles_color\":\"\",\"title_styles_height\":\"\",\"title_styles_width\":\"\",\"title_styles_font-size\":\"\",\"title_styles_margin\":\"\",\"title_styles_padding\":\"\",\"title_styles_display\":\"\",\"title_styles_float\":\"\",\"title_styles_show_advanced_css\":\"0\",\"title_styles_advanced\":\"\",\"row_styles_background-color\":\"\",\"row_styles_border\":\"\",\"row_styles_border-style\":\"\",\"row_styles_border-color\":\"\",\"row_styles_color\":\"\",\"row_styles_height\":\"\",\"row_styles_width\":\"\",\"row_styles_font-size\":\"\",\"row_styles_margin\":\"\",\"row_styles_padding\":\"\",\"row_styles_display\":\"\",\"row_styles_show_advanced_css\":\"0\",\"row_styles_advanced\":\"\",\"row-odd_styles_background-color\":\"\",\"row-odd_styles_border\":\"\",\"row-odd_styles_border-style\":\"\",\"row-odd_styles_border-color\":\"\",\"row-odd_styles_color\":\"\",\"row-odd_styles_height\":\"\",\"row-odd_styles_width\":\"\",\"row-odd_styles_font-size\":\"\",\"row-odd_styles_margin\":\"\",\"row-odd_styles_padding\":\"\",\"row-odd_styles_display\":\"\",\"row-odd_styles_show_advanced_css\":\"0\",\"row-odd_styles_advanced\":\"\",\"success-msg_styles_background-color\":\"\",\"success-msg_styles_border\":\"\",\"success-msg_styles_border-style\":\"\",\"success-msg_styles_border-color\":\"\",\"success-msg_styles_color\":\"\",\"success-msg_styles_height\":\"\",\"success-msg_styles_width\":\"\",\"success-msg_styles_font-size\":\"\",\"success-msg_styles_margin\":\"\",\"success-msg_styles_padding\":\"\",\"success-msg_styles_display\":\"\",\"success-msg_styles_show_advanced_css\":\"0\",\"success-msg_styles_advanced\":\"\",\"error_msg_styles_background-color\":\"\",\"error_msg_styles_border\":\"\",\"error_msg_styles_border-style\":\"\",\"error_msg_styles_border-color\":\"\",\"error_msg_styles_color\":\"\",\"error_msg_styles_height\":\"\",\"error_msg_styles_width\":\"\",\"error_msg_styles_font-size\":\"\",\"error_msg_styles_margin\":\"\",\"error_msg_styles_padding\":\"\",\"error_msg_styles_display\":\"\",\"error_msg_styles_show_advanced_css\":\"0\",\"error_msg_styles_advanced\":\"\",\"allow_public_link\":0,\"embed_form\":\"\",\"form_title_heading_level\":\"3\",\"currency\":\"\",\"unique_field_error\":\"A form with this value has already been submitted.\",\"mp_breadcrumb\":1,\"mp_progress_bar\":1,\"mp_display_titles\":0,\"breadcrumb_container_styles_show_advanced_css\":0,\"breadcrumb_buttons_styles_show_advanced_css\":0,\"breadcrumb_button_hover_styles_show_advanced_css\":0,\"breadcrumb_active_button_styles_show_advanced_css\":0,\"progress_bar_container_styles_show_advanced_css\":0,\"progress_bar_fill_styles_show_advanced_css\":0,\"part_titles_styles_show_advanced_css\":0,\"navigation_container_styles_show_advanced_css\":0,\"previous_button_styles_show_advanced_css\":0,\"next_button_styles_show_advanced_css\":0,\"navigation_hover_styles_show_advanced_css\":0,\"changeEmailErrorMsg\":\"Bitte gib eine g\\u00fcltige E-Mail-Adresse ein.\",\"changeDateErrorMsg\":\"Bitte gib ein g\\u00fcltiges Datum ein!\",\"confirmFieldErrorMsg\":\"Diese Felder m\\u00fcssen \\u00fcbereinstimmen!\",\"fieldNumberNumMinError\":\"Die eingegebene Zahl ist zu klein.\",\"fieldNumberNumMaxError\":\"Die eingegebene Zahl ist zu gross.\",\"fieldNumberIncrementBy\":\"Bitte erh\\u00f6hen in Schritten von\",\"formErrorsCorrectErrors\":\"Bitte korrigiere die Fehler, bevor du das Formular sendest.\",\"validateRequiredField\":\"Dies ist ein Pflichtfeld.\",\"honeypotHoneypotError\":\"Honeypot-Fehler\",\"fieldsMarkedRequired\":\"Felder mit einem <span class=\\\"ninja-forms-req-symbol\\\">*<\\\/span> sind Pflichtfelder\",\"drawerDisabled\":false,\"mp_prev_label\":\"\",\"mp_next_label\":\"\",\"breadcrumb_container_styles_border\":\"\",\"breadcrumb_container_styles_height\":\"\",\"breadcrumb_container_styles_width\":\"\",\"breadcrumb_container_styles_margin\":\"\",\"breadcrumb_container_styles_padding\":\"\",\"breadcrumb_container_styles_float\":\"\",\"breadcrumb_buttons_styles_border\":\"\",\"breadcrumb_buttons_styles_height\":\"\",\"breadcrumb_buttons_styles_width\":\"\",\"breadcrumb_buttons_styles_font-size\":\"\",\"breadcrumb_buttons_styles_margin\":\"\",\"breadcrumb_buttons_styles_padding\":\"\",\"breadcrumb_buttons_styles_float\":\"\",\"breadcrumb_button_hover_styles_border\":\"\",\"breadcrumb_button_hover_styles_height\":\"\",\"breadcrumb_button_hover_styles_width\":\"\",\"breadcrumb_button_hover_styles_font-size\":\"\",\"breadcrumb_button_hover_styles_margin\":\"\",\"breadcrumb_button_hover_styles_padding\":\"\",\"breadcrumb_button_hover_styles_float\":\"\",\"breadcrumb_active_button_styles_border\":\"\",\"breadcrumb_active_button_styles_height\":\"\",\"breadcrumb_active_button_styles_width\":\"\",\"breadcrumb_active_button_styles_font-size\":\"\",\"breadcrumb_active_button_styles_margin\":\"\",\"breadcrumb_active_button_styles_padding\":\"\",\"breadcrumb_active_button_styles_float\":\"\",\"progress_bar_container_styles_border\":\"\",\"progress_bar_container_styles_height\":\"\",\"progress_bar_container_styles_width\":\"\",\"progress_bar_container_styles_margin\":\"\",\"progress_bar_container_styles_padding\":\"\",\"progress_bar_container_styles_float\":\"\",\"progress_bar_fill_styles_border\":\"\",\"progress_bar_fill_styles_height\":\"\",\"progress_bar_fill_styles_margin\":\"\",\"progress_bar_fill_styles_padding\":\"\",\"part_titles_styles_border\":\"\",\"part_titles_styles_height\":\"\",\"part_titles_styles_width\":\"\",\"part_titles_styles_font-size\":\"\",\"part_titles_styles_margin\":\"\",\"part_titles_styles_padding\":\"\",\"part_titles_styles_float\":\"\",\"navigation_container_styles_border\":\"\",\"navigation_container_styles_height\":\"\",\"navigation_container_styles_width\":\"\",\"navigation_container_styles_margin\":\"\",\"navigation_container_styles_padding\":\"\",\"navigation_container_styles_float\":\"\",\"previous_button_styles_border\":\"\",\"previous_button_styles_height\":\"\",\"previous_button_styles_width\":\"\",\"previous_button_styles_font-size\":\"\",\"previous_button_styles_margin\":\"\",\"previous_button_styles_padding\":\"\",\"next_button_styles_border\":\"\",\"next_button_styles_height\":\"\",\"next_button_styles_width\":\"\",\"next_button_styles_font-size\":\"\",\"next_button_styles_margin\":\"\",\"next_button_styles_padding\":\"\",\"navigation_hover_styles_border\":\"\",\"navigation_hover_styles_height\":\"\",\"navigation_hover_styles_width\":\"\",\"navigation_hover_styles_font-size\":\"\",\"navigation_hover_styles_margin\":\"\",\"navigation_hover_styles_padding\":\"\",\"ninjaForms\":\"Ninja Forms\",\"fieldTextareaRTEInsertLink\":\"Link einf\\u00fcgen\",\"fieldTextareaRTEInsertMedia\":\"Medien einf\\u00fcgen\",\"fieldTextareaRTESelectAFile\":\"Eine Datei ausw\\u00e4hlen\",\"formHoneypot\":\"Falls du ein Mensch bist und dieses Feld siehst, dann lasse es bitte leer.\",\"fileUploadOldCodeFileUploadInProgress\":\"Datei-Upload l\\u00e4uft.\",\"fileUploadOldCodeFileUpload\":\"DATEI-UPLOAD\",\"currencySymbol\":\"&euro;\",\"thousands_sep\":\".\",\"decimal_point\":\",\",\"siteLocale\":\"de_DE\",\"dateFormat\":\"m\\\/d\\\/Y\",\"startOfWeek\":\"1\",\"of\":\"von\",\"previousMonth\":\"Vorheriger Monat\",\"nextMonth\":\"N\\u00e4chster Monat\",\"months\":[\"Januar\",\"Februar\",\"M\\u00e4rz\",\"April\",\"Mai\",\"Juni\",\"Juli\",\"August\",\"September\",\"Oktober\",\"November\",\"Dezember\"],\"monthsShort\":[\"Jan.\",\"Feb.\",\"M\\u00e4rz\",\"Apr.\",\"Mai\",\"Juni\",\"Juli\",\"Aug\",\"Sep.\",\"Okt.\",\"Nov.\",\"Dez.\"],\"weekdays\":[\"Sonntag\",\"Montag\",\"Dienstag\",\"Mittwoch\",\"Donnerstag\",\"Freitag\",\"Samstag\"],\"weekdaysShort\":[\"So.\",\"Mo.\",\"Di.\",\"Mi.\",\"Do.\",\"Fr.\",\"Sa.\"],\"weekdaysMin\":[\"So.\",\"Mo.\",\"Di.\",\"Mi.\",\"Do.\",\"Fr.\",\"Sa.\"],\"recaptchaConsentMissing\":\"reCaptcha validation couldn&#039;t load.\",\"recaptchaMissingCookie\":\"reCaptcha v3 validation couldn&#039;t load the cookie needed to submit the form.\",\"recaptchaConsentEvent\":\"Accept reCaptcha cookies before sending the form.\",\"currency_symbol\":\"\",\"beforeForm\":\"\",\"beforeFields\":\"\",\"afterFields\":\"\",\"afterForm\":\"\"};form.fields=[{\"objectType\":\"Field\",\"objectDomain\":\"fields\",\"editActive\":false,\"order\":1,\"idAttribute\":\"id\",\"label\":\"Vorname\",\"key\":\"isim\",\"type\":\"textbox\",\"created_at\":\"2016-08-24 16:39:20\",\"label_pos\":\"hidden\",\"required\":1,\"placeholder\":\"Vorname\",\"default\":\"\",\"wrapper_class\":\"\",\"element_class\":\"\",\"container_class\":\"\",\"input_limit\":\"\",\"input_limit_type\":\"characters\",\"input_limit_msg\":\"verbleibende Zeichen\",\"manual_key\":true,\"disable_input\":\"\",\"admin_label\":\"\",\"help_text\":\"\",\"desc_text\":\"\",\"disable_browser_autocomplete\":\"\",\"mask\":\"\",\"custom_mask\":\"\",\"wrap_styles_background-color\":\"\",\"wrap_styles_border\":\"\",\"wrap_styles_border-style\":\"\",\"wrap_styles_border-color\":\"\",\"wrap_styles_color\":\"\",\"wrap_styles_height\":\"\",\"wrap_styles_width\":\"\",\"wrap_styles_font-size\":\"\",\"wrap_styles_margin\":\"\",\"wrap_styles_padding\":\"\",\"wrap_styles_display\":\"\",\"wrap_styles_float\":\"\",\"wrap_styles_show_advanced_css\":0,\"wrap_styles_advanced\":\"\",\"label_styles_background-color\":\"\",\"label_styles_border\":\"\",\"label_styles_border-style\":\"\",\"label_styles_border-color\":\"\",\"label_styles_color\":\"\",\"label_styles_height\":\"\",\"label_styles_width\":\"\",\"label_styles_font-size\":\"\",\"label_styles_margin\":\"\",\"label_styles_padding\":\"\",\"label_styles_display\":\"\",\"label_styles_float\":\"\",\"label_styles_show_advanced_css\":0,\"label_styles_advanced\":\"\",\"element_styles_background-color\":\"\",\"element_styles_border\":\"\",\"element_styles_border-style\":\"\",\"element_styles_border-color\":\"\",\"element_styles_color\":\"\",\"element_styles_height\":\"\",\"element_styles_width\":\"\",\"element_styles_font-size\":\"\",\"element_styles_margin\":\"\",\"element_styles_padding\":\"\",\"element_styles_display\":\"\",\"element_styles_float\":\"\",\"element_styles_show_advanced_css\":1,\"element_styles_advanced\":\"\",\"cellcid\":\"c3753\",\"field_label\":\"Name\",\"field_key\":\"name\",\"custom_name_attribute\":\"\",\"personally_identifiable\":\"\",\"value\":\"\",\"drawerDisabled\":false,\"id\":75,\"beforeField\":\"\",\"afterField\":\"\",\"parentType\":\"textbox\",\"element_templates\":[\"textbox\",\"input\"],\"old_classname\":\"\",\"wrap_template\":\"wrap\"},{\"objectType\":\"Field\",\"objectDomain\":\"fields\",\"editActive\":false,\"order\":2,\"idAttribute\":\"id\",\"label\":\"Nachname\",\"key\":\"soyisim\",\"type\":\"textbox\",\"created_at\":\"2016-08-24 16:39:20\",\"label_pos\":\"hidden\",\"required\":1,\"placeholder\":\"Nachname\",\"default\":\"\",\"wrapper_class\":\"\",\"element_class\":\"\",\"container_class\":\"\",\"input_limit\":\"\",\"input_limit_type\":\"characters\",\"input_limit_msg\":\"verbleibende Zeichen\",\"manual_key\":true,\"disable_input\":\"\",\"admin_label\":\"\",\"help_text\":\"\",\"desc_text\":\"\",\"disable_browser_autocomplete\":\"\",\"mask\":\"\",\"custom_mask\":\"\",\"wrap_styles_background-color\":\"\",\"wrap_styles_border\":\"\",\"wrap_styles_border-style\":\"\",\"wrap_styles_border-color\":\"\",\"wrap_styles_color\":\"\",\"wrap_styles_height\":\"\",\"wrap_styles_width\":\"\",\"wrap_styles_font-size\":\"\",\"wrap_styles_margin\":\"\",\"wrap_styles_padding\":\"\",\"wrap_styles_display\":\"\",\"wrap_styles_float\":\"\",\"wrap_styles_show_advanced_css\":0,\"wrap_styles_advanced\":\"\",\"label_styles_background-color\":\"\",\"label_styles_border\":\"\",\"label_styles_border-style\":\"\",\"label_styles_border-color\":\"\",\"label_styles_color\":\"\",\"label_styles_height\":\"\",\"label_styles_width\":\"\",\"label_styles_font-size\":\"\",\"label_styles_margin\":\"\",\"label_styles_padding\":\"\",\"label_styles_display\":\"\",\"label_styles_float\":\"\",\"label_styles_show_advanced_css\":0,\"label_styles_advanced\":\"\",\"element_styles_background-color\":\"\",\"element_styles_border\":\"\",\"element_styles_border-style\":\"\",\"element_styles_border-color\":\"\",\"element_styles_color\":\"\",\"element_styles_height\":\"\",\"element_styles_width\":\"\",\"element_styles_font-size\":\"\",\"element_styles_margin\":\"\",\"element_styles_padding\":\"\",\"element_styles_display\":\"\",\"element_styles_float\":\"\",\"element_styles_show_advanced_css\":0,\"element_styles_advanced\":\"\",\"cellcid\":\"c3757\",\"field_label\":\"Name\",\"field_key\":\"name\",\"custom_name_attribute\":\"\",\"personally_identifiable\":\"\",\"value\":\"\",\"drawerDisabled\":false,\"id\":79,\"beforeField\":\"\",\"afterField\":\"\",\"parentType\":\"textbox\",\"element_templates\":[\"textbox\",\"input\"],\"old_classname\":\"\",\"wrap_template\":\"wrap\"},{\"objectType\":\"Field\",\"objectDomain\":\"fields\",\"editActive\":false,\"order\":3,\"idAttribute\":\"id\",\"type\":\"phone\",\"label\":\"Telefon\",\"key\":\"telefon\",\"label_pos\":\"hidden\",\"required\":0,\"default\":\"\",\"placeholder\":\"Telefon (Optional)\",\"container_class\":\"\",\"element_class\":\"\",\"input_limit\":\"\",\"input_limit_type\":\"characters\",\"input_limit_msg\":\"verbleibende Zeichen\",\"manual_key\":true,\"admin_label\":\"\",\"help_text\":\"\",\"mask\":\"\",\"custom_mask\":\"\",\"custom_name_attribute\":\"phone\",\"personally_identifiable\":1,\"wrap_styles_border\":\"\",\"wrap_styles_width\":\"\",\"wrap_styles_margin\":\"\",\"wrap_styles_padding\":\"\",\"wrap_styles_float\":\"\",\"wrap_styles_show_advanced_css\":0,\"label_styles_border\":\"\",\"label_styles_width\":\"\",\"label_styles_font-size\":\"\",\"label_styles_margin\":\"\",\"label_styles_padding\":\"\",\"label_styles_float\":\"\",\"label_styles_show_advanced_css\":0,\"element_styles_border\":\"\",\"element_styles_width\":\"\",\"element_styles_font-size\":\"\",\"element_styles_margin\":\"\",\"element_styles_padding\":\"\",\"element_styles_float\":\"\",\"element_styles_show_advanced_css\":0,\"cellcid\":\"c3760\",\"value\":\"\",\"drawerDisabled\":false,\"id\":80,\"beforeField\":\"\",\"afterField\":\"\",\"parentType\":\"textbox\",\"element_templates\":[\"tel\",\"textbox\",\"input\"],\"old_classname\":\"\",\"wrap_template\":\"wrap\"},{\"objectType\":\"Field\",\"objectDomain\":\"fields\",\"editActive\":false,\"order\":4,\"idAttribute\":\"id\",\"label\":\"E-Mail\",\"key\":\"e-mail\",\"type\":\"email\",\"created_at\":\"2016-08-24 16:39:20\",\"label_pos\":\"hidden\",\"required\":1,\"placeholder\":\"E-Mail\",\"default\":\"\",\"wrapper_class\":\"\",\"element_class\":\"\",\"container_class\":\"\",\"admin_label\":\"\",\"help_text\":\"\",\"desc_text\":\"\",\"wrap_styles_background-color\":\"\",\"wrap_styles_border\":\"\",\"wrap_styles_border-style\":\"\",\"wrap_styles_border-color\":\"\",\"wrap_styles_color\":\"\",\"wrap_styles_height\":\"\",\"wrap_styles_width\":\"\",\"wrap_styles_font-size\":\"\",\"wrap_styles_margin\":\"\",\"wrap_styles_padding\":\"\",\"wrap_styles_display\":\"\",\"wrap_styles_float\":\"\",\"wrap_styles_show_advanced_css\":0,\"wrap_styles_advanced\":\"\",\"label_styles_background-color\":\"\",\"label_styles_border\":\"\",\"label_styles_border-style\":\"\",\"label_styles_border-color\":\"\",\"label_styles_color\":\"\",\"label_styles_height\":\"\",\"label_styles_width\":\"\",\"label_styles_font-size\":\"\",\"label_styles_margin\":\"\",\"label_styles_padding\":\"\",\"label_styles_display\":\"\",\"label_styles_float\":\"\",\"label_styles_show_advanced_css\":0,\"label_styles_advanced\":\"\",\"element_styles_background-color\":\"\",\"element_styles_border\":\"\",\"element_styles_border-style\":\"\",\"element_styles_border-color\":\"\",\"element_styles_color\":\"\",\"element_styles_height\":\"\",\"element_styles_width\":\"\",\"element_styles_font-size\":\"\",\"element_styles_margin\":\"\",\"element_styles_padding\":\"\",\"element_styles_display\":\"\",\"element_styles_float\":\"\",\"element_styles_show_advanced_css\":0,\"element_styles_advanced\":\"\",\"cellcid\":\"c3763\",\"field_label\":\"Email\",\"field_key\":\"email\",\"custom_name_attribute\":\"email\",\"personally_identifiable\":1,\"value\":\"\",\"drawerDisabled\":false,\"manual_key\":true,\"id\":76,\"beforeField\":\"\",\"afterField\":\"\",\"parentType\":\"email\",\"element_templates\":[\"email\",\"input\"],\"old_classname\":\"\",\"wrap_template\":\"wrap\"},{\"objectType\":\"Field\",\"objectDomain\":\"fields\",\"editActive\":false,\"order\":5,\"idAttribute\":\"id\",\"type\":\"checkbox\",\"label\":\"\",\"key\":\"checkbox_1693009403454\",\"label_pos\":\"hidden\",\"required\":1,\"container_class\":\"\",\"element_class\":\"\",\"manual_key\":false,\"admin_label\":\"\",\"help_text\":\"<p><br><\\\/p>\",\"desc_text\":\"<p>Ich habe die<span style=\\\"font-family: inherit; font-size: inherit; font-style: inherit; font-variant-caps: inherit;\\\">\\u00a0<\\\/span><a href=\\\"https:\\\/\\\/turkinitiativ.de\\\/datenschutzerklarung\\\/\\\" style=\\\"font-family: inherit; font-size: inherit; font-style: inherit; font-variant-caps: inherit;\\\">Datenschutzerkl\\u00e4rung<\\\/a><span style=\\\"font-family: inherit; font-size: inherit; font-style: inherit; font-variant-caps: inherit;\\\">\\u00a0<\\\/span>zur Kenntnis genommen.<span style=\\\"font-family: inherit; font-size: inherit; font-style: inherit; font-variant-caps: inherit;\\\"><\\\/span><\\\/p>\",\"default_value\":\"unchecked\",\"checked_value\":\"Onayland\\u0131\",\"unchecked_value\":\"Onaylanmad\\u0131\",\"checked_calc_value\":\"\",\"unchecked_calc_value\":\"\",\"drawerDisabled\":false,\"id\":83,\"beforeField\":\"\",\"afterField\":\"\",\"value\":\"\",\"parentType\":\"checkbox\",\"element_templates\":[\"checkbox\",\"input\"],\"old_classname\":\"\",\"wrap_template\":\"wrap\"},{\"objectType\":\"Field\",\"objectDomain\":\"fields\",\"editActive\":false,\"order\":6,\"idAttribute\":\"id\",\"label\":\"Senden\",\"key\":\"goender_1690266131699\",\"type\":\"submit\",\"created_at\":\"2016-08-24 16:39:20\",\"processing_label\":\"Wird gesendet...\",\"container_class\":\"\",\"element_class\":\"\",\"wrap_styles_background-color\":\"\",\"wrap_styles_border\":\"\",\"wrap_styles_border-style\":\"\",\"wrap_styles_border-color\":\"\",\"wrap_styles_color\":\"\",\"wrap_styles_height\":\"\",\"wrap_styles_width\":\"\",\"wrap_styles_font-size\":\"\",\"wrap_styles_margin\":\"\",\"wrap_styles_padding\":\"\",\"wrap_styles_display\":\"\",\"wrap_styles_float\":\"\",\"wrap_styles_show_advanced_css\":0,\"wrap_styles_advanced\":\"\",\"label_styles_background-color\":\"\",\"label_styles_border\":\"\",\"label_styles_border-style\":\"\",\"label_styles_border-color\":\"\",\"label_styles_color\":\"\",\"label_styles_height\":\"\",\"label_styles_width\":\"\",\"label_styles_font-size\":\"\",\"label_styles_margin\":\"\",\"label_styles_padding\":\"\",\"label_styles_display\":\"\",\"label_styles_float\":\"\",\"label_styles_show_advanced_css\":0,\"label_styles_advanced\":\"\",\"element_styles_background-color\":\"\",\"element_styles_border\":\"\",\"element_styles_border-style\":\"\",\"element_styles_border-color\":\"\",\"element_styles_color\":\"\",\"element_styles_height\":\"\",\"element_styles_width\":\"\",\"element_styles_font-size\":\"\",\"element_styles_margin\":\"\",\"element_styles_padding\":\"\",\"element_styles_display\":\"\",\"element_styles_float\":\"\",\"element_styles_show_advanced_css\":0,\"element_styles_advanced\":\"\",\"submit_element_hover_styles_background-color\":\"\",\"submit_element_hover_styles_border\":\"\",\"submit_element_hover_styles_border-style\":\"\",\"submit_element_hover_styles_border-color\":\"\",\"submit_element_hover_styles_color\":\"\",\"submit_element_hover_styles_height\":\"\",\"submit_element_hover_styles_width\":\"\",\"submit_element_hover_styles_font-size\":\"\",\"submit_element_hover_styles_margin\":\"\",\"submit_element_hover_styles_padding\":\"\",\"submit_element_hover_styles_display\":\"\",\"submit_element_hover_styles_float\":\"\",\"submit_element_hover_styles_show_advanced_css\":0,\"submit_element_hover_styles_advanced\":\"\",\"cellcid\":\"c3766\",\"field_label\":\"Submit\",\"field_key\":\"submit\",\"drawerDisabled\":false,\"id\":78,\"beforeField\":\"\",\"afterField\":\"\",\"value\":\"\",\"label_pos\":\"above\",\"parentType\":\"textbox\",\"element_templates\":[\"submit\",\"button\",\"input\"],\"old_classname\":\"\",\"wrap_template\":\"wrap-no-label\"}];nfForms.push(form);<\/script>\n        [\/vc_column][\/vc_row]<\/p>\n<\/div>","protected":false},"excerpt":{"rendered":"<p>[vc_row][vc_column width=&#8220;2\/3&#8243; css=&#8220;.vc_custom_1690266965922{margin-right: 50px !important;}&#8220;][vc_column_text] Wir sind gegen die Aufstellung eines Mahnmals \u201eV\u00f6lkermord erinnern\u201c in K\u00f6ln [\/vc_column_text][\/vc_column][\/vc_row][vc_row][vc_column width=&#8220;2\/3&#8243; css=&#8220;.vc_custom_1690266965922{margin-right: 50px !important;}&#8220;][vc_column_text] Wir, die Initiative T\u00fcrkischer Vereine und Verb\u00e4nde in K\u00f6ln und Umgebung, lehnen die Aufstellung eines Mahnmals durch die \u201eInitiative V\u00f6lkermord erinnern\u201c in der K\u00f6lner Innenstadt ab, das sich gegen die Verst\u00e4ndigungskultur richtet und die&hellip;<\/p>\n","protected":false},"author":1,"featured_media":15748,"parent":0,"menu_order":0,"comment_status":"closed","ping_status":"closed","template":"","meta":{"footnotes":""},"class_list":["post-15738","page","type-page","status-publish","has-post-thumbnail","hentry","description-off"],"_links":{"self":[{"href":"https:\/\/turkinitiativ.de\/de\/wp-json\/wp\/v2\/pages\/15738"}],"collection":[{"href":"https:\/\/turkinitiativ.de\/de\/wp-json\/wp\/v2\/pages"}],"about":[{"href":"https:\/\/turkinitiativ.de\/de\/wp-json\/wp\/v2\/types\/page"}],"author":[{"embeddable":true,"href":"https:\/\/turkinitiativ.de\/de\/wp-json\/wp\/v2\/users\/1"}],"replies":[{"embeddable":true,"href":"https:\/\/turkinitiativ.de\/de\/wp-json\/wp\/v2\/comments?post=15738"}],"version-history":[{"count":3,"href":"https:\/\/turkinitiativ.de\/de\/wp-json\/wp\/v2\/pages\/15738\/revisions"}],"predecessor-version":[{"id":15742,"href":"https:\/\/turkinitiativ.de\/de\/wp-json\/wp\/v2\/pages\/15738\/revisions\/15742"}],"wp:featuredmedia":[{"embeddable":true,"href":"https:\/\/turkinitiativ.de\/de\/wp-json\/wp\/v2\/media\/15748"}],"wp:attachment":[{"href":"https:\/\/turkinitiativ.de\/de\/wp-json\/wp\/v2\/media?parent=15738"}],"curies":[{"name":"wp","href":"https:\/\/api.w.org\/{rel}","templated":true}]}}