{"id":15693,"date":"2017-05-25T12:00:17","date_gmt":"2017-05-25T10:00:17","guid":{"rendered":"http:\/\/turkinitiativ.de\/derneklerimiz\/"},"modified":"2023-08-16T11:34:30","modified_gmt":"2023-08-16T09:34:30","slug":"derneklerimiz","status":"publish","type":"page","link":"https:\/\/turkinitiativ.de\/de\/derneklerimiz\/","title":{"rendered":"Initiative T\u00fcrkischer Vereine und Verb\u00e4nde in K\u00f6ln und Umgebung"},"content":{"rendered":"<ol>\n<li>Barrierefrei Aachen International<\/li>\n<li>Aserbaidschanisches Kulturhaus<\/li>\n<li>Atat\u00fcrk Kulturhaus <span class=\"Apple-converted-space\">\u00a0<\/span><\/li>\n<li>Avrasya Alevi \u0130slam Birli\u011fi<\/li>\n<li>Avrupa Denizlililer Dernegi <span class=\"Apple-converted-space\">\u00a0<\/span><\/li>\n<li>F\u00f6deration der Giresun Vereine in Europa<span class=\"Apple-converted-space\">\u00a0 \u00a0<\/span><\/li>\n<li><b><\/b>Union Europ\u00e4ische Kayseri<span class=\"Apple-converted-space\">\u00a0 \u00a0<\/span><\/li>\n<li><b><\/b>Avrupa K\u00f6pr\u00fc\u00f6ren K\u00fclt\u00fcr ve Dayanisma Dernegi <span class=\"Apple-converted-space\">\u00a0<\/span><\/li>\n<li>AKIF (F\u00f6deration K\u00fctahya Vereine in Europa)<\/li>\n<li>Europ\u00e4ische Sivas Union<\/li>\n<li>Europ\u00e4ischer Tokat F\u00f6rder- und Solidarit\u00e4tsverein <span class=\"Apple-converted-space\">\u00a0<\/span><\/li>\n<li>F\u00f6deration der Trabzon Vereine in Europa<\/li>\n<li>Avrupa Trabzon-K\u00f6pr\u00fcbasililar Kultur-, Sozial-Solidarit\u00e4tsverein<\/li>\n<li>Avrupali Karayurtlu Avsar Yardimlasma Dayanisma Dernegi <span class=\"Apple-converted-space\">\u00a0<\/span><\/li>\n<li>Baris 1981 <span class=\"Apple-converted-space\">\u00a0<\/span><\/li>\n<li>Solidarit\u00e4t und Kulturzentrum der Krimtataren in Westeuropa<\/li>\n<li>Bayburt &#8211; K\u00f6ln Kulturverein <span class=\"Apple-converted-space\">\u00a0<\/span><\/li>\n<li>Aserbaidschanisch-T\u00fcrkischer Kultur- und Solidarit\u00e4tsverein e.V.<\/li>\n<li>SV Ata Sport Betzdorf 1981<span class=\"Apple-converted-space\">\u00a0<\/span><\/li>\n<li>Sport- und Bildungsschule KAHRAMANLAR &#8211; Die Br\u00fchler Helden Br\u00fchl<\/li>\n<li>T\u00fcrkisch-Deutscher Kultur Verein in Br\u00fchl und Umgebung<\/li>\n<li>B\u00fcy\u00fckav\u015far Interkulturelle F\u00f6rderverein e.V.<\/li>\n<li>Dein K\u00f6ln <span class=\"Apple-converted-space\">\u00a0<\/span><\/li>\n<li>DITIB-T\u00fcrkisch Islamische Gemeinde zu Aachen<\/li>\n<li>DITIB-T\u00fcrkisch Islamische Gemeinde zu Chorweiler<\/li>\n<li>DITIB Chorweiler Sport <span class=\"Apple-converted-space\">\u00a0<\/span><\/li>\n<li>DITIB-T\u00fcrkisch Islamische Gemeinde zu K\u00f6ln Chlodwigplatz<\/li>\n<li>DITIB-T\u00fcrkisch Islamische Gemeinde zu H\u00fcrth<\/li>\n<li>DITIB-T\u00fcrkisch Islamische Gemeinde zu K\u00f6ln-Kalk<\/li>\n<li>DITIB-T\u00fcrkisch Islamische Gemeinde zu Leverkusen<\/li>\n<li>DITIB-T\u00fcrkisch Islamische Gemeinde zu K\u00f6ln-Meschenich<\/li>\n<li>DITIB-T\u00fcrkisch Islamische Gemeinde zu Porz<\/li>\n<li>SV MEVLANA-PORZ<\/li>\n<li>DSK K\u00f6ln <span class=\"Apple-converted-space\">\u00a0<\/span><\/li>\n<li>DITIB-T\u00fcrkisch Islamische Gemeinde zu Wesseling<\/li>\n<li>Dostluk Bar\u0131\u015f Euskirchen <span class=\"Apple-converted-space\">\u00a0<\/span><\/li>\n<li>Partnerschaftsverein D\u00fcren-Ere\u011fli<\/li>\n<li>D\u00fcren Integration und Sport Verein <span class=\"Apple-converted-space\">\u00a0<\/span><\/li>\n<li><b><\/b>G\u00f6ller B\u00f6lgesi Burdurlular K\u00fclt\u00fcr ve Dayanisma Dernegi (GBBD)<\/li>\n<li>IGMG Ortsverein Aachen<\/li>\n<li>Islamisches Gemeindezentrum Br\u00fchl<\/li>\n<li>K\u00f6ln, Kars-Ardahan-Igdir Solidarit\u00e4t- und Kultur Verein <span class=\"Apple-converted-space\">\u00a0<\/span><\/li>\n<li>Atat\u00fcrk Kultur- und Bildungszentrum K\u00f6ln und Umgebung<\/li>\n<li>Aserbaidschanischer Kulturverein K\u00f6ln<span class=\"Apple-converted-space\">\u00a0<\/span><\/li>\n<li>Kasachisches Kulturzentrum K\u00f6ln <span class=\"Apple-converted-space\">\u00a0 \u00a0<\/span><\/li>\n<li>Malatya e.V.<span class=\"Apple-converted-space\">\u00a0<\/span><\/li>\n<li>K\u00f6ln Sariyah\u015fi Europa Solidarit\u00e4t und Kultur Verein K\u00f6ln<\/li>\n<li>T\u00fcrkischer Kulturverein K\u00f6ln<span class=\"Apple-converted-space\">\u00a0<\/span><\/li>\n<li>K\u00f6ln, Mitglieder des Integrationsrates<\/li>\n<li>K\u00f6ln und Umgebung Haci Bekta\u015f-i Veli Cem Haus <span class=\"Apple-converted-space\">\u00a0<\/span><\/li>\n<li>T\u00fcrkischer Gesangverein Leverkusen <span class=\"Apple-converted-space\">\u00a0<\/span><\/li>\n<li>T\u00fcrkischer Elternverein Leverkusen <span class=\"Apple-converted-space\">\u00a0<\/span><\/li>\n<li>M\u00dcSIAD- NRW Verein unabh\u00e4ngiger Industrieller und Unternehmer <span class=\"Apple-converted-space\">\u00a0<\/span><\/li>\n<li>Netzwerk Europ\u00e4isch-T\u00fcrkischer Unternehmen in NRW\/West Deutschland-NETU West<\/li>\n<li>F\u00f6deration der Trabzon Vereine in Europa <span class=\"Apple-converted-space\">\u00a0<\/span><\/li>\n<li>T\u00fcrkisch-Deutscher Unternehmerverein<\/li>\n<li>Bund T\u00fcrkischer Jugendlicher K\u00f6ln-TGB K\u00f6ln<\/li>\n<li>United Culture Connection (UCC) <span class=\"Apple-converted-space\">\u00a0<\/span><\/li>\n<li>Union Internationaler Demokraten K\u00f6ln<\/li>\n<li>Umudum Ol <span class=\"Apple-converted-space\">\u00a0<\/span><\/li>\n<li>US Akademiker Plattform<\/li>\n<\/ol>\n","protected":false},"excerpt":{"rendered":"<p>Barrierefrei Aachen International Aserbaidschanisches Kulturhaus Atat\u00fcrk Kulturhaus \u00a0 Avrasya Alevi \u0130slam Birli\u011fi Avrupa Denizlililer Dernegi \u00a0 F\u00f6deration der Giresun Vereine in Europa\u00a0 \u00a0 Union Europ\u00e4ische Kayseri\u00a0 \u00a0 Avrupa K\u00f6pr\u00fc\u00f6ren K\u00fclt\u00fcr ve Dayanisma Dernegi \u00a0 AKIF (F\u00f6deration K\u00fctahya Vereine in Europa) Europ\u00e4ische Sivas Union Europ\u00e4ischer Tokat F\u00f6rder- und Solidarit\u00e4tsverein \u00a0 F\u00f6deration der Trabzon Vereine in Europa&hellip;<\/p>\n","protected":false},"author":1,"featured_media":0,"parent":0,"menu_order":0,"comment_status":"closed","ping_status":"closed","template":"","meta":{"footnotes":""},"class_list":["post-15693","page","type-page","status-publish","hentry","description-off"],"_links":{"self":[{"href":"https:\/\/turkinitiativ.de\/de\/wp-json\/wp\/v2\/pages\/15693"}],"collection":[{"href":"https:\/\/turkinitiativ.de\/de\/wp-json\/wp\/v2\/pages"}],"about":[{"href":"https:\/\/turkinitiativ.de\/de\/wp-json\/wp\/v2\/types\/page"}],"author":[{"embeddable":true,"href":"https:\/\/turkinitiativ.de\/de\/wp-json\/wp\/v2\/users\/1"}],"replies":[{"embeddable":true,"href":"https:\/\/turkinitiativ.de\/de\/wp-json\/wp\/v2\/comments?post=15693"}],"version-history":[{"count":2,"href":"https:\/\/turkinitiativ.de\/de\/wp-json\/wp\/v2\/pages\/15693\/revisions"}],"predecessor-version":[{"id":15736,"href":"https:\/\/turkinitiativ.de\/de\/wp-json\/wp\/v2\/pages\/15693\/revisions\/15736"}],"wp:attachment":[{"href":"https:\/\/turkinitiativ.de\/de\/wp-json\/wp\/v2\/media?parent=15693"}],"curies":[{"name":"wp","href":"https:\/\/api.w.org\/{rel}","templated":true}]}}