{"id":15546,"date":"2017-06-15T15:10:06","date_gmt":"2017-06-15T13:10:06","guid":{"rendered":"http:\/\/turkinitiativ.de\/kunye\/"},"modified":"2019-02-21T01:43:31","modified_gmt":"2019-02-21T00:43:31","slug":"impressum","status":"publish","type":"page","link":"https:\/\/turkinitiativ.de\/de\/impressum\/","title":{"rendered":"Impressum"},"content":{"rendered":"<p>K\u00f6ln ve B\u00f6lgesi T\u00fcrk Dernek ve Birlikleri \u0130nisiyatifi<br \/>\nc\/o Silcherstr. 13<br \/>\n50827 K\u00f6ln<br \/>\ninfo[at]turkinitiativ.de<\/p>\n<p>Verantwortungsbereich:<br \/>\nDas Impressum gilt nur f\u00fcr die Internetpr\u00e4senz unter der Adresse: www.turkinitiativ.de<\/p>\n<p>Abgrenzung:<br \/>\nDie Web-Pr\u00e4senz ist Teil des WWW und dementsprechend mit fremden, sich jederzeit wandeln k\u00f6nnenden Web-Sites verkn\u00fcpft, die folglich auch nicht diesem Verantwortungsbereich unterliegen und f\u00fcr die nachfolgende Informationen nicht gelten. Dass die Links weder gegen Sitten noch Gesetze versto\u00dfen, wurde genau einmal gepr\u00fcft: bevor sie hier aufgenommen wurden. Solche Links, die zu fremden Webprojekten f\u00fchren, sind als solche erkennbar.<\/p>\n<p>Urheberschutz und Nutzung<br \/>\nDer Urheber r\u00e4umt Ihnen ganz konkret das Nutzungsrecht ein, sich eine private Kopie f\u00fcr pers\u00f6nliche Zwecke anzufertigen. Nicht berechtigt sind Sie dagegen, die Materialien zu ver\u00e4ndern und \/oder weiter zu geben oder gar selbst zu ver\u00f6ffentlichen. Wenn nicht ausdr\u00fccklich anders vermerkt, liegen die Urheberrechte f\u00fcr Texte bei: K\u00f6ln ve B\u00f6lgesi T\u00fcrk Dernek ve Birlikleri \u0130nisiyatifi<\/p>\n<p>Keine Haftung<br \/>\nDie Inhalte dieses Webprojektes wurden sorgf\u00e4ltig gepr\u00fcft und nach bestem Wissen erstellt. Aber f\u00fcr die hier dargebotenen Informationen wird kein Anspruch auf Vollst\u00e4ndigkeit, Aktualit\u00e4t, Qualit\u00e4t und Richtigkeit erhoben. Es kann keine Verantwortung f\u00fcr Sch\u00e4den \u00fcbernommen werden, die durch das Vertrauen auf die Inhalte dieser Website oder deren Gebrauch entstehen.<br \/>\nSchutzrechtsverletzung<br \/>\nFalls Sie vermuten, dass von dieser Website aus eines Ihrer Schutzrechte verletzt wird, teilen Sie das bitte umgehend per elektronischer Post mit, damit z\u00fcgig Abhilfe geschafft werden kann. Bitte nehmen Sie zur Kenntnis: Die zeitaufw\u00e4ndigere Einschaltung eines Anwaltes zur f\u00fcr den Diensteanbieter kostenpflichtigen Abmahnung entspricht nicht dessen wirklichen oder mutma\u00dflichen Willen.<\/p>\n","protected":false},"excerpt":{"rendered":"<p>K\u00f6ln ve B\u00f6lgesi T\u00fcrk Dernek ve Birlikleri \u0130nisiyatifi c\/o Silcherstr. 13 50827 K\u00f6ln info[at]turkinitiativ.de Verantwortungsbereich: Das Impressum gilt nur f\u00fcr die Internetpr\u00e4senz unter der Adresse: www.turkinitiativ.de Abgrenzung: Die Web-Pr\u00e4senz ist Teil des WWW und dementsprechend mit fremden, sich jederzeit wandeln k\u00f6nnenden Web-Sites verkn\u00fcpft, die folglich auch nicht diesem Verantwortungsbereich unterliegen und f\u00fcr die nachfolgende Informationen&hellip;<\/p>\n","protected":false},"author":1,"featured_media":0,"parent":0,"menu_order":0,"comment_status":"closed","ping_status":"closed","template":"","meta":{"footnotes":""},"class_list":["post-15546","page","type-page","status-publish","hentry","description-off"],"_links":{"self":[{"href":"https:\/\/turkinitiativ.de\/de\/wp-json\/wp\/v2\/pages\/15546"}],"collection":[{"href":"https:\/\/turkinitiativ.de\/de\/wp-json\/wp\/v2\/pages"}],"about":[{"href":"https:\/\/turkinitiativ.de\/de\/wp-json\/wp\/v2\/types\/page"}],"author":[{"embeddable":true,"href":"https:\/\/turkinitiativ.de\/de\/wp-json\/wp\/v2\/users\/1"}],"replies":[{"embeddable":true,"href":"https:\/\/turkinitiativ.de\/de\/wp-json\/wp\/v2\/comments?post=15546"}],"version-history":[{"count":1,"href":"https:\/\/turkinitiativ.de\/de\/wp-json\/wp\/v2\/pages\/15546\/revisions"}],"predecessor-version":[{"id":15547,"href":"https:\/\/turkinitiativ.de\/de\/wp-json\/wp\/v2\/pages\/15546\/revisions\/15547"}],"wp:attachment":[{"href":"https:\/\/turkinitiativ.de\/de\/wp-json\/wp\/v2\/media?parent=15546"}],"curies":[{"name":"wp","href":"https:\/\/api.w.org\/{rel}","templated":true}]}}