{"id":15505,"date":"2017-08-28T16:15:17","date_gmt":"2017-08-28T14:15:17","guid":{"rendered":"http:\/\/turkinitiativ.de\/cami-saldirilari\/"},"modified":"2019-02-21T00:47:57","modified_gmt":"2019-02-20T23:47:57","slug":"moscheeubergriffe","status":"publish","type":"page","link":"https:\/\/turkinitiativ.de\/de\/moscheeubergriffe\/","title":{"rendered":"Moschee\u00fcbergriffe"},"content":{"rendered":"<p>Islamophobe Taten werden in den letzten Jahren am meisten ver\u00fcbt indem Brandanschl\u00e4ge in Moscheen ver\u00fcbt, Hakenkreuze an Au\u00dfenfl\u00e4chen der Moscheen gezeichnet sowie die Moscheen durch K\u00f6pfe und Blut von Schweinen beschmutzt werden. Hierzu ist es besonders wichtig, dass sich die angegriffenen Gemeinden besonders bei solchen Angriffen gegenseitig unterst\u00fctzen und mit jeder Schicht der Gesellschaft in Kommunikation treten und Solidarit\u00e4t zeigen sollten.<\/p>\n<p>Als Initiativforum beabsichtigen wir Angriffe auf Moscheen\/Vereine in unserer Region, die einen islamophoben Inhalt haben, zu registrieren und zu archivieren. Wir beabsichtigen uns daf\u00fcr einzusetzen, dass solche Angriffe bekanntgemacht werden damit ihre \u201eNormalisierung\u201c in der Gesellschaft verhindert und ein Bewusstsein in der \u00d6ffentlichkeit hierzu hergestellt wird.<\/p>\n","protected":false},"excerpt":{"rendered":"<p>Islamophobe Taten werden in den letzten Jahren am meisten ver\u00fcbt indem Brandanschl\u00e4ge in Moscheen ver\u00fcbt, Hakenkreuze an Au\u00dfenfl\u00e4chen der Moscheen gezeichnet sowie die Moscheen durch K\u00f6pfe und Blut von Schweinen beschmutzt werden. Hierzu ist es besonders wichtig, dass sich die angegriffenen Gemeinden besonders bei solchen Angriffen gegenseitig unterst\u00fctzen und mit jeder Schicht der Gesellschaft in&hellip;<\/p>\n","protected":false},"author":1,"featured_media":0,"parent":0,"menu_order":0,"comment_status":"closed","ping_status":"closed","template":"","meta":{"footnotes":""},"class_list":["post-15505","page","type-page","status-publish","hentry","description-off"],"_links":{"self":[{"href":"https:\/\/turkinitiativ.de\/de\/wp-json\/wp\/v2\/pages\/15505"}],"collection":[{"href":"https:\/\/turkinitiativ.de\/de\/wp-json\/wp\/v2\/pages"}],"about":[{"href":"https:\/\/turkinitiativ.de\/de\/wp-json\/wp\/v2\/types\/page"}],"author":[{"embeddable":true,"href":"https:\/\/turkinitiativ.de\/de\/wp-json\/wp\/v2\/users\/1"}],"replies":[{"embeddable":true,"href":"https:\/\/turkinitiativ.de\/de\/wp-json\/wp\/v2\/comments?post=15505"}],"version-history":[{"count":1,"href":"https:\/\/turkinitiativ.de\/de\/wp-json\/wp\/v2\/pages\/15505\/revisions"}],"predecessor-version":[{"id":15507,"href":"https:\/\/turkinitiativ.de\/de\/wp-json\/wp\/v2\/pages\/15505\/revisions\/15507"}],"wp:attachment":[{"href":"https:\/\/turkinitiativ.de\/de\/wp-json\/wp\/v2\/media?parent=15505"}],"curies":[{"name":"wp","href":"https:\/\/api.w.org\/{rel}","templated":true}]}}