{"id":15501,"date":"2017-08-28T16:14:19","date_gmt":"2017-08-28T14:14:19","guid":{"rendered":"http:\/\/turkinitiativ.de\/ana-dil-ve-kultur\/"},"modified":"2019-02-21T00:44:38","modified_gmt":"2019-02-20T23:44:38","slug":"bildung-kultur-und-muttersprache","status":"publish","type":"page","link":"https:\/\/turkinitiativ.de\/de\/bildung-kultur-und-muttersprache\/","title":{"rendered":"Bildung, Kultur und Muttersprache"},"content":{"rendered":"<p>Unsere Muttersprache T\u00fcrkisch ist das einzige Mittel f\u00fcr die \u00dcbermittlung unserer gesellschaftlichen Wurzeln an unsere kommenden Generationen und sie geh\u00f6rt vor allen anderen zu den unerl\u00e4sslichen Dingen, auf die wir in Deutschland nicht verzichten k\u00f6nnen.<\/p>\n<p>Das KIT ist sich bewusst, dass die Bek\u00e4mpfung einer Gemeinschaft mit der Bek\u00e4mpfung ihrer Muttersprache beginnt. Das Initiativforum sieht die moderne Vermittlung des Bewusstseins zur Sprache und Kultur sowie den Erhalt und die Fortentwicklung der anatolischen Kultur, die mannigfache (1001) Farben in sich tr\u00e4gt und die Wiege von Zivilisationen ist, als Fundament ihrer existenziellen Auseinandersetzung.<\/p>\n<p>Zu diesem Zweck wird sich unsere Initiative auch darum bem\u00fchen, dass unsere Gemeinschaft die t\u00fcrkische Sprache richtig und angemessen verwenden wird. Ebenso wird sich das Initiativforum bem\u00fchen, als ein Bildungsforum einen Dienst f\u00fcr unsere Gesellschaft anzubieten indem sich die Mitgliedsvereine gemeinsam gegen diesbez\u00fcgliche Entwicklungen und Ann\u00e4herungen widersetzen wenn die t\u00fcrkische Sprache diskreditiert und aus dem Bildungssystem verbannt wird.<\/p>\n","protected":false},"excerpt":{"rendered":"<p>Unsere Muttersprache T\u00fcrkisch ist das einzige Mittel f\u00fcr die \u00dcbermittlung unserer gesellschaftlichen Wurzeln an unsere kommenden Generationen und sie geh\u00f6rt vor allen anderen zu den unerl\u00e4sslichen Dingen, auf die wir in Deutschland nicht verzichten k\u00f6nnen. Das KIT ist sich bewusst, dass die Bek\u00e4mpfung einer Gemeinschaft mit der Bek\u00e4mpfung ihrer Muttersprache beginnt. Das Initiativforum sieht die&hellip;<\/p>\n","protected":false},"author":1,"featured_media":0,"parent":0,"menu_order":0,"comment_status":"closed","ping_status":"closed","template":"","meta":{"footnotes":""},"class_list":["post-15501","page","type-page","status-publish","hentry","description-off"],"_links":{"self":[{"href":"https:\/\/turkinitiativ.de\/de\/wp-json\/wp\/v2\/pages\/15501"}],"collection":[{"href":"https:\/\/turkinitiativ.de\/de\/wp-json\/wp\/v2\/pages"}],"about":[{"href":"https:\/\/turkinitiativ.de\/de\/wp-json\/wp\/v2\/types\/page"}],"author":[{"embeddable":true,"href":"https:\/\/turkinitiativ.de\/de\/wp-json\/wp\/v2\/users\/1"}],"replies":[{"embeddable":true,"href":"https:\/\/turkinitiativ.de\/de\/wp-json\/wp\/v2\/comments?post=15501"}],"version-history":[{"count":1,"href":"https:\/\/turkinitiativ.de\/de\/wp-json\/wp\/v2\/pages\/15501\/revisions"}],"predecessor-version":[{"id":15503,"href":"https:\/\/turkinitiativ.de\/de\/wp-json\/wp\/v2\/pages\/15501\/revisions\/15503"}],"wp:attachment":[{"href":"https:\/\/turkinitiativ.de\/de\/wp-json\/wp\/v2\/media?parent=15501"}],"curies":[{"name":"wp","href":"https:\/\/api.w.org\/{rel}","templated":true}]}}