{"id":15497,"date":"2017-08-28T16:13:34","date_gmt":"2017-08-28T14:13:34","guid":{"rendered":"http:\/\/turkinitiativ.de\/guvenlik-kaygilarimiz\/"},"modified":"2019-02-21T00:39:53","modified_gmt":"2019-02-20T23:39:53","slug":"unsere-sicherheitsbedenken","status":"publish","type":"page","link":"https:\/\/turkinitiativ.de\/de\/unsere-sicherheitsbedenken\/","title":{"rendered":"Unsere Sicherheitsbedenken"},"content":{"rendered":"<p>Besonders ab den 1990\u00b4er Jahren wurde die t\u00fcrkische Gesellschaft zu einer der grundlegenden Zielscheiben des Rassismus in Deutschland.<\/p>\n<p>Die rassistischen Militanten, die das multikulturelle, mehrsprachige und multireligi\u00f6se Leben sowie den gegenseitigen Respekt der Lebensweise und des Glaubens jeder Person als Grundlage des demokratischen Gesellschaftssystems nicht akzeptieren, verbrannten t\u00fcrkische Menschen bei lebendigem Leib und ermordeten sie kaltbl\u00fctig auf offener Stra\u00dfe.<\/p>\n<p>Rassisten und PKK-Militanten unternehmen Versuche, unsere t\u00fcrkischen Mitb\u00fcrger zu terrorisieren indem sie immer noch die H\u00e4user, in denen Menschen wohnen, die Vereinsr\u00e4umlichkeiten, in denen sie Veranstaltungen durchf\u00fchren und die Moscheen, in denen sie ihre Gottesdienste verrichten, beispielsweise in Brand setzen und Brandanschl\u00e4ge gegen diese ver\u00fcben. Der Zustand, dass solche Angriffe in gro\u00dfem Ma\u00dfe unbestraft bleiben und die Straft\u00e4ter nicht gefunden werden k\u00f6nnen, f\u00fchrt dazu, dass die Sicherheitsbedenken unserer Gemeinschaft zunehmend steigen. Uns besorgt es zudem erheblich, dass diese Bedenken seitens der Sicherheitsbeh\u00f6rden und seitens der deutschen Presse weitestgehend nicht beachtet werden.<\/p>\n<p>Letztlich wurde im Zuge des NSU-Prozesses der Unwille f\u00fcr die Konfrontation mit diesem dunklen Gesicht Deutschlands offen dargelegt. Dadurch wurde die Verzweiflung unserer Gemeinschaft zu den Sicherheitsbedenken gesteigert.<\/p>\n<p>F\u00fcr diese existenziellen Bedenken, die seitens der Mehrheitsgesellschaft \u00fcbersehen werden, stellt das KIT eine Plattform f\u00fcr die Unterst\u00fctzung unserer Vereine und unserer t\u00fcrkischen Mitb\u00fcrger dar um die in unserer Region stattfindenden Ereignisse bei der Polizei und bei den gerichtlichen Beh\u00f6rden zu verfolgen und die rechtlichen Kan\u00e4le f\u00fcr die Aufkl\u00e4rung restlos auszusch\u00f6pfen.<\/p>\n","protected":false},"excerpt":{"rendered":"<p>Besonders ab den 1990\u00b4er Jahren wurde die t\u00fcrkische Gesellschaft zu einer der grundlegenden Zielscheiben des Rassismus in Deutschland. Die rassistischen Militanten, die das multikulturelle, mehrsprachige und multireligi\u00f6se Leben sowie den gegenseitigen Respekt der Lebensweise und des Glaubens jeder Person als Grundlage des demokratischen Gesellschaftssystems nicht akzeptieren, verbrannten t\u00fcrkische Menschen bei lebendigem Leib und ermordeten sie&hellip;<\/p>\n","protected":false},"author":1,"featured_media":0,"parent":0,"menu_order":0,"comment_status":"closed","ping_status":"closed","template":"","meta":{"footnotes":""},"class_list":["post-15497","page","type-page","status-publish","hentry","description-off"],"_links":{"self":[{"href":"https:\/\/turkinitiativ.de\/de\/wp-json\/wp\/v2\/pages\/15497"}],"collection":[{"href":"https:\/\/turkinitiativ.de\/de\/wp-json\/wp\/v2\/pages"}],"about":[{"href":"https:\/\/turkinitiativ.de\/de\/wp-json\/wp\/v2\/types\/page"}],"author":[{"embeddable":true,"href":"https:\/\/turkinitiativ.de\/de\/wp-json\/wp\/v2\/users\/1"}],"replies":[{"embeddable":true,"href":"https:\/\/turkinitiativ.de\/de\/wp-json\/wp\/v2\/comments?post=15497"}],"version-history":[{"count":1,"href":"https:\/\/turkinitiativ.de\/de\/wp-json\/wp\/v2\/pages\/15497\/revisions"}],"predecessor-version":[{"id":15499,"href":"https:\/\/turkinitiativ.de\/de\/wp-json\/wp\/v2\/pages\/15497\/revisions\/15499"}],"wp:attachment":[{"href":"https:\/\/turkinitiativ.de\/de\/wp-json\/wp\/v2\/media?parent=15497"}],"curies":[{"name":"wp","href":"https:\/\/api.w.org\/{rel}","templated":true}]}}