{"id":15493,"date":"2017-08-28T16:12:58","date_gmt":"2017-08-28T14:12:58","guid":{"rendered":"http:\/\/turkinitiativ.de\/ayrimcilik-ve-dislanma\/"},"modified":"2019-02-21T00:36:57","modified_gmt":"2019-02-20T23:36:57","slug":"ausgrenzung-und-diskriminierung","status":"publish","type":"page","link":"https:\/\/turkinitiativ.de\/de\/ausgrenzung-und-diskriminierung\/","title":{"rendered":"Ausgrenzung und Diskriminierung"},"content":{"rendered":"<p>Die t\u00fcrkische Gesellschaft lebt seit mehr als einem halben Jahrhundert in Deutschland und leistet nicht nur der Wirtschaft sondern auch dem sozialen und kulturellen Leben dieses Landes ihren positiven Beitrag. Im Zuge der Diskussionen in der letzten Zeit wird die t\u00fcrkische Gemeinschaft in jeder Schicht der Gesellschaft mit einer \u201cPolitik\u201d ernster Ausgrenzung und Diskriminierung konfrontiert.<\/p>\n<p>Angefangen von der Bundes- und Landesebene bis zur Kommunalebene nehmen unterschiedliche Schichten der Gesellschaft sowie Kreise, die durch den Wind des erstarkenden Rechtsextremismus der letzten Zeit ermutigt werden, die bilateralen Probleme mit der T\u00fcrkei zum Anlass und als Vorwand f\u00fcr die Diskriminierungen und Marginalisierungen gegen\u00fcber den t\u00fcrkischen Menschen. Gem\u00e4\u00df unserer gesellschaftlichen Selbstachtung und W\u00fcrde sind wird der Auffassung, dass es zu unseren Pflichten geh\u00f6rt, organisiert und selbstbewusst gegen diese versuchten Diskriminierungen und Marginalisierungen zu stehen.<span class=\"Apple-converted-space\">\u00a0<\/span><\/p>\n<p>Wir lehnen diese Haltungen ab.<\/p>\n<p>Sowohl auf Ebene unserer zivilgesellschaftlichen Vereine als auch auf individueller Ebene sind wir fest entschlossen, gegen\u00fcber dieser erlebten beklemmenden Last des Rassismus im zivilen, politischen und wirtschaftlichen Bereich sowie in allen sozialen Bereichen des Lebens organisiert vorzugehen um die grundgesetzlichen Rechte einzufordern.<\/p>\n<p>Das Initiativforum ist in diesem Zusammenhang eine Plattform f\u00fcr die Artikulation unserer Vereine und unserer Gesellschaft f\u00fcr ihre Entschlossenheit und gleichzeitig eine Kommunikationsplattform f\u00fcr die Einforderung ihrer Rechte auf dem juristischen Weg.<\/p>\n","protected":false},"excerpt":{"rendered":"<p>Die t\u00fcrkische Gesellschaft lebt seit mehr als einem halben Jahrhundert in Deutschland und leistet nicht nur der Wirtschaft sondern auch dem sozialen und kulturellen Leben dieses Landes ihren positiven Beitrag. Im Zuge der Diskussionen in der letzten Zeit wird die t\u00fcrkische Gemeinschaft in jeder Schicht der Gesellschaft mit einer \u201cPolitik\u201d ernster Ausgrenzung und Diskriminierung konfrontiert.&hellip;<\/p>\n","protected":false},"author":1,"featured_media":0,"parent":0,"menu_order":0,"comment_status":"closed","ping_status":"closed","template":"","meta":{"footnotes":""},"class_list":["post-15493","page","type-page","status-publish","hentry","description-off"],"_links":{"self":[{"href":"https:\/\/turkinitiativ.de\/de\/wp-json\/wp\/v2\/pages\/15493"}],"collection":[{"href":"https:\/\/turkinitiativ.de\/de\/wp-json\/wp\/v2\/pages"}],"about":[{"href":"https:\/\/turkinitiativ.de\/de\/wp-json\/wp\/v2\/types\/page"}],"author":[{"embeddable":true,"href":"https:\/\/turkinitiativ.de\/de\/wp-json\/wp\/v2\/users\/1"}],"replies":[{"embeddable":true,"href":"https:\/\/turkinitiativ.de\/de\/wp-json\/wp\/v2\/comments?post=15493"}],"version-history":[{"count":2,"href":"https:\/\/turkinitiativ.de\/de\/wp-json\/wp\/v2\/pages\/15493\/revisions"}],"predecessor-version":[{"id":15495,"href":"https:\/\/turkinitiativ.de\/de\/wp-json\/wp\/v2\/pages\/15493\/revisions\/15495"}],"wp:attachment":[{"href":"https:\/\/turkinitiativ.de\/de\/wp-json\/wp\/v2\/media?parent=15493"}],"curies":[{"name":"wp","href":"https:\/\/api.w.org\/{rel}","templated":true}]}}