{"id":15491,"date":"2017-08-28T16:09:32","date_gmt":"2017-08-28T14:09:32","guid":{"rendered":"http:\/\/turkinitiativ.de\/siyasal-katilim\/"},"modified":"2019-02-21T00:32:24","modified_gmt":"2019-02-20T23:32:24","slug":"politische-teilhabe","status":"publish","type":"page","link":"https:\/\/turkinitiativ.de\/de\/politische-teilhabe\/","title":{"rendered":"Politische Teilhabe"},"content":{"rendered":"<p>Im demokratischen Rechtsstaat wird die Legitimation der Regierungsbildung durch die Beteiligung der B\u00fcrgerinnen und B\u00fcrger an den Wahlen und durch ihre freie Bestimmung der Mandatstr\u00e4gerinnen und Mandatstr\u00e4ger sowohl auf Bundes-, Landes- als auch Kommunalebene ausge\u00fcbt und verwirklicht. In diesem Rahmen hat Deutschland gem\u00e4\u00df dem Maastrichter Vertrag aus dem Jahr 1992 das aktive und passive Wahlrecht f\u00fcr B\u00fcrgerinnen und B\u00fcrger aus der EU bei den kommunalen Wahlen gew\u00e4hrt. Dadurch haben EU-B\u00fcrgerinnen und B\u00fcrger das Recht erlangt, an den kommunalen Wahlen teilzunehmen, ohne dass darauf geachtet wird, wie lange sie in Deutschland leben.<br \/>\nDer Zustand, dass Menschen aus L\u00e4ndern au\u00dferhalb von Europa oder B\u00fcrgerinnen und B\u00fcrger aus der T\u00fcrkei ihr Recht auf politische Teilhabe nicht in Anspruch nehmen k\u00f6nnen an den kommunalen Wahlen teilzunehmen obwohl sie seit ann\u00e4hernd einem Jahrhundert in Deutschland leben, verhindert ihre politische Teilhabe. Daher k\u00f6nnen sie sowohl ihre Stadtr\u00e4te als auch ihre B\u00fcrgermeister in ihren St\u00e4dten nicht w\u00e4hlen. Als Initiativforum werden wir uns f\u00fcr die politische Teilhabe einsetzen und diesbez\u00fcgliche Aktionen wie \u201eNRW-Initiative Kommunales Wahlrecht\u201c unterst\u00fctzen.<\/p>\n","protected":false},"excerpt":{"rendered":"<p>Im demokratischen Rechtsstaat wird die Legitimation der Regierungsbildung durch die Beteiligung der B\u00fcrgerinnen und B\u00fcrger an den Wahlen und durch ihre freie Bestimmung der Mandatstr\u00e4gerinnen und Mandatstr\u00e4ger sowohl auf Bundes-, Landes- als auch Kommunalebene ausge\u00fcbt und verwirklicht. In diesem Rahmen hat Deutschland gem\u00e4\u00df dem Maastrichter Vertrag aus dem Jahr 1992 das aktive und passive Wahlrecht&hellip;<\/p>\n","protected":false},"author":1,"featured_media":0,"parent":0,"menu_order":0,"comment_status":"closed","ping_status":"closed","template":"","meta":{"footnotes":""},"class_list":["post-15491","page","type-page","status-publish","hentry","description-off"],"_links":{"self":[{"href":"https:\/\/turkinitiativ.de\/de\/wp-json\/wp\/v2\/pages\/15491"}],"collection":[{"href":"https:\/\/turkinitiativ.de\/de\/wp-json\/wp\/v2\/pages"}],"about":[{"href":"https:\/\/turkinitiativ.de\/de\/wp-json\/wp\/v2\/types\/page"}],"author":[{"embeddable":true,"href":"https:\/\/turkinitiativ.de\/de\/wp-json\/wp\/v2\/users\/1"}],"replies":[{"embeddable":true,"href":"https:\/\/turkinitiativ.de\/de\/wp-json\/wp\/v2\/comments?post=15491"}],"version-history":[{"count":1,"href":"https:\/\/turkinitiativ.de\/de\/wp-json\/wp\/v2\/pages\/15491\/revisions"}],"predecessor-version":[{"id":15492,"href":"https:\/\/turkinitiativ.de\/de\/wp-json\/wp\/v2\/pages\/15491\/revisions\/15492"}],"wp:attachment":[{"href":"https:\/\/turkinitiativ.de\/de\/wp-json\/wp\/v2\/media?parent=15491"}],"curies":[{"name":"wp","href":"https:\/\/api.w.org\/{rel}","templated":true}]}}