{"id":15488,"date":"2017-08-28T16:08:50","date_gmt":"2017-08-28T14:08:50","guid":{"rendered":"http:\/\/turkinitiativ.de\/islamofobi\/"},"modified":"2019-02-21T00:28:36","modified_gmt":"2019-02-20T23:28:36","slug":"islamophobie","status":"publish","type":"page","link":"https:\/\/turkinitiativ.de\/de\/islamophobie\/","title":{"rendered":"Islamophobie"},"content":{"rendered":"<p>Zunehmende Vorurteile gegen\u00fcber dem Islam und gegen\u00fcber den Muslimen sowie Islamophobie (Angst vor dem Islam), die sich mit Diskriminierung formiert, steigen in Gesellschaften an, in denen gegenseitiger Meinungsaustausch nicht vorhanden ist und die Kommukationskan\u00e4le zunehmend versperrt sind. Extremistisch-rassistische Gruppen \u00fcbertragen ihre fr\u00fcheren Hassdiskurse gegen\u00fcber ethnischen Gruppen auf die religi\u00f6se und kulturelle Dimension und zielen somit auf die islamische Religion und auf die Muslime ab.<\/p>\n","protected":false},"excerpt":{"rendered":"<p>Zunehmende Vorurteile gegen\u00fcber dem Islam und gegen\u00fcber den Muslimen sowie Islamophobie (Angst vor dem Islam), die sich mit Diskriminierung formiert, steigen in Gesellschaften an, in denen gegenseitiger Meinungsaustausch nicht vorhanden ist und die Kommukationskan\u00e4le zunehmend versperrt sind. Extremistisch-rassistische Gruppen \u00fcbertragen ihre fr\u00fcheren Hassdiskurse gegen\u00fcber ethnischen Gruppen auf die religi\u00f6se und kulturelle Dimension und zielen somit&hellip;<\/p>\n","protected":false},"author":1,"featured_media":0,"parent":0,"menu_order":0,"comment_status":"closed","ping_status":"closed","template":"","meta":{"footnotes":""},"class_list":["post-15488","page","type-page","status-publish","hentry","description-off"],"_links":{"self":[{"href":"https:\/\/turkinitiativ.de\/de\/wp-json\/wp\/v2\/pages\/15488"}],"collection":[{"href":"https:\/\/turkinitiativ.de\/de\/wp-json\/wp\/v2\/pages"}],"about":[{"href":"https:\/\/turkinitiativ.de\/de\/wp-json\/wp\/v2\/types\/page"}],"author":[{"embeddable":true,"href":"https:\/\/turkinitiativ.de\/de\/wp-json\/wp\/v2\/users\/1"}],"replies":[{"embeddable":true,"href":"https:\/\/turkinitiativ.de\/de\/wp-json\/wp\/v2\/comments?post=15488"}],"version-history":[{"count":1,"href":"https:\/\/turkinitiativ.de\/de\/wp-json\/wp\/v2\/pages\/15488\/revisions"}],"predecessor-version":[{"id":15489,"href":"https:\/\/turkinitiativ.de\/de\/wp-json\/wp\/v2\/pages\/15488\/revisions\/15489"}],"wp:attachment":[{"href":"https:\/\/turkinitiativ.de\/de\/wp-json\/wp\/v2\/media?parent=15488"}],"curies":[{"name":"wp","href":"https:\/\/api.w.org\/{rel}","templated":true}]}}