{"id":15485,"date":"2017-08-28T16:08:22","date_gmt":"2017-08-28T14:08:22","guid":{"rendered":"http:\/\/turkinitiativ.de\/toplumsal-hosgoru\/"},"modified":"2019-02-21T00:24:23","modified_gmt":"2019-02-20T23:24:23","slug":"gesellschaftliche-toleranz","status":"publish","type":"page","link":"https:\/\/turkinitiativ.de\/de\/gesellschaftliche-toleranz\/","title":{"rendered":"Gesellschaftliche Toleranz"},"content":{"rendered":"<p>Das Initiativforum akzeptiert Toleranz als Grundprinzip des friedlichen und gedeihlichen Zusammenlebens von Menschen unterschiedlicher Kulturen und diverser Religionen.<br \/>\nToleranz gebietet die gemeinsame Kommunikation mit Menschen unterschiedlicher Religionen und Kulturen und das Gespr\u00e4ch miteinander. Dar\u00fcber hinaus impliziert Toleranz, Liebe und Respekt zu verbreiten sowie sich von Gedanken, die zu Hass und Groll f\u00fchren und Handlungen fernzuhalten. Die Initiativforum hat sich f\u00fcr die Gew\u00e4hrleistung einer Atmosph\u00e4re der Toleranz und Liebe, sowie st\u00e4ndige Begegnung f\u00fcr die Verbreitung der Toleranz und den Dialog mit Angeh\u00f6rigen verschiedener Religionen, Weltanschauungen und ethnischen Gruppen zum Ziel gesetzt.<\/p>\n","protected":false},"excerpt":{"rendered":"<p>Das Initiativforum akzeptiert Toleranz als Grundprinzip des friedlichen und gedeihlichen Zusammenlebens von Menschen unterschiedlicher Kulturen und diverser Religionen. Toleranz gebietet die gemeinsame Kommunikation mit Menschen unterschiedlicher Religionen und Kulturen und das Gespr\u00e4ch miteinander. Dar\u00fcber hinaus impliziert Toleranz, Liebe und Respekt zu verbreiten sowie sich von Gedanken, die zu Hass und Groll f\u00fchren und Handlungen fernzuhalten.&hellip;<\/p>\n","protected":false},"author":1,"featured_media":0,"parent":0,"menu_order":0,"comment_status":"closed","ping_status":"closed","template":"","meta":{"footnotes":""},"class_list":["post-15485","page","type-page","status-publish","hentry","description-off"],"_links":{"self":[{"href":"https:\/\/turkinitiativ.de\/de\/wp-json\/wp\/v2\/pages\/15485"}],"collection":[{"href":"https:\/\/turkinitiativ.de\/de\/wp-json\/wp\/v2\/pages"}],"about":[{"href":"https:\/\/turkinitiativ.de\/de\/wp-json\/wp\/v2\/types\/page"}],"author":[{"embeddable":true,"href":"https:\/\/turkinitiativ.de\/de\/wp-json\/wp\/v2\/users\/1"}],"replies":[{"embeddable":true,"href":"https:\/\/turkinitiativ.de\/de\/wp-json\/wp\/v2\/comments?post=15485"}],"version-history":[{"count":1,"href":"https:\/\/turkinitiativ.de\/de\/wp-json\/wp\/v2\/pages\/15485\/revisions"}],"predecessor-version":[{"id":15486,"href":"https:\/\/turkinitiativ.de\/de\/wp-json\/wp\/v2\/pages\/15485\/revisions\/15486"}],"wp:attachment":[{"href":"https:\/\/turkinitiativ.de\/de\/wp-json\/wp\/v2\/media?parent=15485"}],"curies":[{"name":"wp","href":"https:\/\/api.w.org\/{rel}","templated":true}]}}