{"id":15476,"date":"2017-05-25T09:52:10","date_gmt":"2017-05-25T07:52:10","guid":{"rendered":"http:\/\/turkinitiativ.de\/biz-kimiz\/"},"modified":"2019-02-21T00:18:04","modified_gmt":"2019-02-20T23:18:04","slug":"ueber-uns","status":"publish","type":"page","link":"https:\/\/turkinitiativ.de\/de\/ueber-uns\/","title":{"rendered":"\u00dcber uns"},"content":{"rendered":"<p>Das Initiativforum t\u00fcrkischer Vereine und Verb\u00e4nde in K\u00f6ln und Umgebung (nachfolgend kurz: Initiativforum oder KIT) wurde durch Zusammenschluss von 12 t\u00fcrkischen Vereinen und Verb\u00e4nden am 29.02.2016 als eine Plattform gegr\u00fcndet. In kurzer Zeit stieg die Anzahl der Mitglieder des Initiativforums auf 53 Vereine. Das Initiativforum ist eine pluralistische, demokratische und rechtsstaatliche Nichtregierungsorganisation (NGO).\u00a0<\/p>\n<p>Das Initiativforum veranstaltet regelm\u00e4\u00dfige Treffen mit den Verantwortlichen der Mitgliedsvereine um sich zu den Arbeitsbereichen gegenseitig zu beraten. Basierend auf das Verst\u00e4ndnis, dass die Anliegen und Probleme nur durch organisierte Verb\u00e4nde gel\u00f6st werden k\u00f6nnen, werden Bem\u00fchungen angestellt um f\u00fcr \u201egemeinsame Probleme gemeinsame L\u00f6sungen\u201c zu erarbeiten.<span class=\"Apple-converted-space\">\u00a0<\/span><\/p>\n<h2>Gr\u00fcndungszweck<\/h2>\n<p>Das Gr\u00fcndungszweck des Initiativforums ist, die Kommunikation und Solidarit\u00e4t zu gew\u00e4hrleisten, damit die Rechte und Interessen der in der Region lebenden t\u00fcrkischen Gesellschaft gewahrt und verteidigt werden. Um sich zu diesem Zweck f\u00fcr die in K\u00f6ln und Umgebung lebende t\u00fcrkische Gesellschaft einzusetzen und die diesbez\u00fcglichen Arbeiten zu koordinieren, wurde diese Organisation gegr\u00fcndet.<\/p>\n<h2>Wo sind wir aktiv?<\/h2>\n<p>Obwohl sich das Initiativforum haupts\u00e4chlich in K\u00f6ln und Umgebung bet\u00e4tigt, entwickelt und unterbreitet das Initiativforum auch L\u00f6sungsvorschl\u00e4ge f\u00fcr Fragen und Probleme in anderen Regionen in Deutschland. Das Initiativforum unterst\u00fctzt die Verwirklichung dieser L\u00f6sungsvorschl\u00e4ge.<\/p>\n<h2>Was sind die Grunds\u00e4tze und Prinzipien unserer Arbeit?<\/h2>\n<p>Das Initiativforum bekennt sich zur freiheitlich demokratischen Grundordnung, sowie zum Grundgesetz der Bundesrepublik Deutschland und zu den Landesverfassungen und Gesetzen. Die Initiative f\u00fchrt ihre Arbeit zur t\u00fcrkischen Gesellschaft im Rahmen der deutschen Gesetze, der internationalen Menschenrechte und der Gesetze der europ\u00e4ischen Union durch. Die Initiative ist im Rahmen der daraus resultierenden Rechte und Verantwortungen t\u00e4tig. Alle zivilgesellschaftlichen Organisationen (NGO&#8217;s), die Mitglied des Initiativforums sind, handeln gem\u00e4\u00df ihrem gesetzlichen, sozialen und kulturellen Bewusstsein zusammen.<\/p>\n<h2>Was sind unsere T\u00e4tigkeitsbereiche und Ziele?<\/h2>\n<p>Das KIT m\u00f6chte f\u00fcr die in der Stadt K\u00f6ln lebende t\u00fcrkische Gesellschaft folgende Ziele erreichen;<\/p>\n<ul>\n<li>Unterst\u00fctzung der Arbeiten f\u00fcr ein friedliches, geschwisterliches und tolerantes Zusammenleben,<\/li>\n<li>Einsatz im Bereich der Integration und Solidarit\u00e4t,<\/li>\n<li>Verbreitung der Prinzipien: Respekt, Liebe, Toleranz und Dialog,<\/li>\n<li>St\u00e4rkung der nachbarschaftlichen Beziehungen,<\/li>\n<li>Unterst\u00fctzung der Arbeiten zur St\u00e4rkung der demokratischen Werte und politischen Teilhabe,<\/li>\n<li>Bewahrung der Muttersprache und der eigenen Kultur durch T\u00e4tigkeiten im Bereich der Kultur, Kunst und Literatur,<\/li>\n<li>Beitrag f\u00fcr die Bek\u00e4mpfung von Gewalt, Terror und allen Extremismen,<\/li>\n<li>Bek\u00e4mpfung von Ausgrenzung, Diskriminierung, Stigmatisierung, Assimilation und Rassismus,<\/li>\n<li>Gew\u00e4hrleistung solidarischer Unterst\u00fctzung gegen Islamophobie, Moscheeangriffe, Menschen- und Islamfeindlichkeit,<\/li>\n<li>St\u00e4rkung der religi\u00f6sen, ethischen, gesellschaftlichen, spirituellen und famili\u00e4ren Werte,<\/li>\n<li>Ber\u00fccksichtigung aller Belange und Interessen der t\u00fcrkischen Gesellschaft,<\/li>\n<li>Beitrag zur Gew\u00e4hrleistung der erforderlichen Sicherheit und f\u00fcr das Wohl der t\u00fcrkischen Gesellschaft,<\/li>\n<li>Durchf\u00fchrung von Informationsveranstaltungen \u00fcber die Inanspruchnahme der Rechte und \u00fcber die Verantwortungen der t\u00fcrkischen Gesellschaft,<\/li>\n<li>Gew\u00e4hrleistung der Koordination, Durchf\u00fchrung erforderlicher Arbeiten und Gew\u00e4hrleistung der Ausbildung von Fachpersonal f\u00fcr die Arbeitsbereiche wie z. B. f\u00fcr die Weiterleitung der Anfragen und Beschwerden an die verantwortlichen Institutionen.<\/li>\n<\/ul>\n<h2>Wie werden wir das in die Praxis umsetzen?<\/h2>\n<ul>\n<li>F\u00fcr die in K\u00f6ln lebende t\u00fcrkische Gesellschaft werden Veranstaltungen zur Sprache, Kultur, Geschichte, Tradition und zu den Br\u00e4uchen organisiert damit ihre Interessen verteidigt und die einheitliche Handlung der Mitgliedsvereine diesbez\u00fcglich gew\u00e4hrleistet wird.<\/li>\n<li>Wir werden die Arbeiten unserer Mitgliedsvereine in K\u00f6ln und Umgebung f\u00fcr den Frieden und das friedliche Zusammenleben in Geschwisterlichkeit unterst\u00fctzen.<\/li>\n<li>Wir werden Gespr\u00e4che mit \u00c4mtern, zivilen, nationalen und internationalen Institutionen, Organisationen, Instituten, Bildungstr\u00e4gern und Hochschulen zu allen Themen, die f\u00fcr die t\u00fcrkische Gesellschaft von Interesse sind, f\u00fchren.<\/li>\n<li>Wir werden Projekte entwerfen, die f\u00fcr die t\u00fcrkische Gesellschaft in K\u00f6ln und Umgebung von Interesse sind.<\/li>\n<li>Wir werden die in K\u00f6ln lebende t\u00fcrkische Gesellschaft informieren.<\/li>\n<li>Wir werden \u00c4mter und zivilgesellschaftliche Organisationen zu Themen, die die t\u00fcrkische Gesellschaft in K\u00f6ln betreffen, informieren.<\/li>\n<li>Wir werden mit den zust\u00e4ndigen Institutionen und Organisationen kooperieren um in Bereichen wie Muttersprache, Ausgrenzung, Diskriminierung, Rassismus, Gewalt, Chancengleichheit, Islamophobie usw. noch effektiver zusammenarbeiten.<\/li>\n<li>Wir werden jegliche Bem\u00fchung unterst\u00fctzen, die zur Aufrechterhaltung und Vermittlung unserer Muttersprache T\u00fcrkisch an die jungen Generationen in Deutschland dient.<\/li>\n<li>Wir werden die Sorgen und Gedanken der t\u00fcrkischen Gesellschaft an ihre Ansprechpartner weiterleiten,<\/li>\n<li>Wir werden Veranstaltungen, die die t\u00fcrkische Gesellschaft interessieren, aktiv bekanntmachen,<\/li>\n<li>Wir werden die sozialen Medien aktiv nutzen und aktualisieren, zu verschiedenen Themen, die die t\u00fcrkische Gesellschaft betreffen, werden wir kurze Videos bereitstellen und visuelle Beitr\u00e4ge effektiv einsetzen.<\/li>\n<\/ul>\n<h2>Wie k\u00f6nnen sie uns unterst\u00fctzen?<\/h2>\n<p>Alle T\u00e4tigkeiten des Initiativforums werden gem\u00e4\u00df des Prinzips der freiwilligen und ehrenamtlichen Mitarbeit verwirklicht. W\u00e4hrend unserer Arbeit ben\u00f6tigen wir auf der einen Seite die Mitarbeit von Individuen, die sich die Probleme der Gesellschaft zu Eigen machen, und auf der anderen Seite brauchen wir die aktive Unterst\u00fctzung der beteiligten Organisationen. Sowohl die pers\u00f6nliche Unterst\u00fctzung unserer Arbeit als auch der Beitrag in Form des Verfassens von Aufs\u00e4tzen und Artikeln sowie die Unterst\u00fctzung auf eine andere Art wird das Ansehen und die Wirksamkeit unseres Initiativforums steigern. Dieser Beitrag kann manchmal durch die Feststellung einer fehlerhaften Handlung, Ausgrenzung und Diskriminierung, manchmal aber auch die Mitteilung von guten und positiven Entwicklungen an unser Initiativforum sein.<\/p>\n","protected":false},"excerpt":{"rendered":"<p>Das Initiativforum t\u00fcrkischer Vereine und Verb\u00e4nde in K\u00f6ln und Umgebung (nachfolgend kurz: Initiativforum oder KIT) wurde durch Zusammenschluss von 12 t\u00fcrkischen Vereinen und Verb\u00e4nden am 29.02.2016 als eine Plattform gegr\u00fcndet. In kurzer Zeit stieg die Anzahl der Mitglieder des Initiativforums auf 53 Vereine. Das Initiativforum ist eine pluralistische, demokratische und rechtsstaatliche Nichtregierungsorganisation (NGO).\u00a0 Das Initiativforum&hellip;<\/p>\n","protected":false},"author":1,"featured_media":0,"parent":0,"menu_order":0,"comment_status":"closed","ping_status":"closed","template":"","meta":{"footnotes":""},"class_list":["post-15476","page","type-page","status-publish","hentry","description-off"],"_links":{"self":[{"href":"https:\/\/turkinitiativ.de\/de\/wp-json\/wp\/v2\/pages\/15476"}],"collection":[{"href":"https:\/\/turkinitiativ.de\/de\/wp-json\/wp\/v2\/pages"}],"about":[{"href":"https:\/\/turkinitiativ.de\/de\/wp-json\/wp\/v2\/types\/page"}],"author":[{"embeddable":true,"href":"https:\/\/turkinitiativ.de\/de\/wp-json\/wp\/v2\/users\/1"}],"replies":[{"embeddable":true,"href":"https:\/\/turkinitiativ.de\/de\/wp-json\/wp\/v2\/comments?post=15476"}],"version-history":[{"count":3,"href":"https:\/\/turkinitiativ.de\/de\/wp-json\/wp\/v2\/pages\/15476\/revisions"}],"predecessor-version":[{"id":15482,"href":"https:\/\/turkinitiativ.de\/de\/wp-json\/wp\/v2\/pages\/15476\/revisions\/15482"}],"wp:attachment":[{"href":"https:\/\/turkinitiativ.de\/de\/wp-json\/wp\/v2\/media?parent=15476"}],"curies":[{"name":"wp","href":"https:\/\/api.w.org\/{rel}","templated":true}]}}